{"id":605,"date":"2023-09-05T11:48:32","date_gmt":"2023-09-05T03:48:32","guid":{"rendered":"https:\/\/www.apmtt.org\/iwsa2023\/?page_id=605"},"modified":"2025-09-25T15:34:43","modified_gmt":"2025-09-25T07:34:43","slug":"keynotes-short-courses","status":"publish","type":"page","link":"https:\/\/www.apmtt.org\/iwsa2023\/keynotes-short-courses\/","title":{"rendered":"Keynotes\/ Short Courses"},"content":{"rendered":"\n<div class=\"wp-block-group is-layout-constrained wp-block-group-is-layout-constrained\">\n<p class=\"has-tertiary-background-color has-text-color has-background\" style=\"color:#254381;font-size:27px\"><strong>Keynote Speakers<\/strong><\/p>\n\n\n\n<div class=\"wp-block-group is-layout-constrained wp-block-group-is-layout-constrained\">\n<div class=\"wp-block-group is-layout-constrained wp-block-group-is-layout-constrained\">\n<div style=\"height:35px\" aria-hidden=\"true\" class=\"wp-block-spacer\"><\/div>\n\n\n\n<div class=\"wp-block-group is-layout-constrained wp-block-group-is-layout-constrained\">\n<div class=\"wp-block-group is-layout-constrained wp-block-group-is-layout-constrained\">\n<div class=\"wp-block-group is-layout-constrained wp-block-group-is-layout-constrained\">\n<div class=\"wp-block-group is-layout-constrained wp-block-group-is-layout-constrained\">\n<div class=\"wp-block-group is-layout-constrained wp-block-group-is-layout-constrained\">\n<div class=\"wp-block-group is-layout-constrained wp-block-group-is-layout-constrained\">\n<p class=\"has-secondary-background-color has-background\" style=\"font-size:20px\"><strong>Speaker I<\/strong><\/p>\n\n\n\n<div class=\"wp-block-columns is-layout-flex wp-container-core-columns-is-layout-28f84493 wp-block-columns-is-layout-flex\">\n<div class=\"wp-block-column is-layout-flow wp-block-column-is-layout-flow\" style=\"flex-basis:20%\">\n<figure class=\"wp-block-image size-large is-resized\"><img decoding=\"async\" src=\"https:\/\/www.apmtt.org\/iwsa2023\/wp-content\/uploads\/2023\/10\/\u56fe\u72471.jpg\" alt=\"\" style=\"aspect-ratio:0.6666666666666666;width:141px;height:auto\"\/><\/figure>\n<\/div>\n\n\n\n<div class=\"wp-block-column is-layout-flow wp-block-column-is-layout-flow\" style=\"flex-basis:10%\">\n<p><\/p>\n<\/div>\n\n\n\n<div class=\"wp-block-column is-layout-flow wp-block-column-is-layout-flow\" style=\"flex-basis:70%\">\n<p style=\"font-size:23px\"><strong>Ferran Mart\u00edn<\/strong><\/p>\n\n\n\n<p>Departament d\u2019Enginyeria Electr\u00f2nica<\/p>\n\n\n\n<p>Grup d\u2019Enginyeria de Microones<\/p>\n\n\n\n<p>Metamaterials i Antenes (GEMMA)\/Centre d\u2019Investigaci\u00f3 en Metamaterials per a la Innovaci\u00f3 en Tecnologies Electr\u00f2nica i de Comunicacions (CIMITEC), Universitat Aut\u00f2noma de Barcelona, Bellaterra, Spain<\/p>\n<\/div>\n<\/div>\n<\/div>\n<\/div>\n<\/div>\n\n\n\n<div class=\"wp-block-columns is-layout-flex wp-container-core-columns-is-layout-28f84493 wp-block-columns-is-layout-flex\">\n<div class=\"wp-block-column is-layout-flow wp-block-column-is-layout-flow\" style=\"flex-basis:100%\">\n<div style=\"height:20px\" aria-hidden=\"true\" class=\"wp-block-spacer\"><\/div>\n\n\n\n<p><strong>Title:<\/strong> Recent progress on electromagnetic encoders and highly sensitive phase-variation sensors and applications<\/p>\n\n\n\n<div style=\"height:10px\" aria-hidden=\"true\" class=\"wp-block-spacer\"><\/div>\n\n\n\n<div class=\"wp-block-group is-layout-constrained wp-block-group-is-layout-constrained\">\n<p><strong>Abstract<\/strong>: In this talk, the speaker presents the recent progress achieved by his group in two topics: electromagnetic encoders and highly sensitive phase-variation sensors. Concerning the first topic, it will be shown how to implement synchronous and absolute encoders based on linear chains  of inclusions and combining time and phase domains. The potential of these encoders for motion control and chipless-RFID applications will be highlighted. Concerning the second topic, it will be demonstrated that unprecedented sensitivities with reflective-mode phase-variation sensors can be achieved. In these sensors, a change in the dielectric properties of the so-called material under test (MUT) modifies the phase of the reflection coefficient, the output variable. Nevertheless, these sensors can be applied in a wide variety of scenarios, such as monitoring of environmental parameters (temperature, humidity), defect detection, material composition determination, detection of impurities in liquids, etc. The beneficial effects of losses in such sensors will also be discussed in the talk.<\/p>\n\n\n\n<div class=\"wp-block-group is-layout-constrained wp-block-group-is-layout-constrained\">\n<div style=\"height:35px\" aria-hidden=\"true\" class=\"wp-block-spacer\"><\/div>\n\n\n\n<p><strong>Biography<\/strong><\/p>\n<\/div>\n<\/div>\n\n\n\n<p><strong>Ferran Mart\u00edn<\/strong> received the B.S. Degree in Physics from the Universitat Aut\u00f2noma de Barcelona (UAB), Spain, in 1988 and the PhD degree in 1992. He is a Full Professor of Electronics at the Electronics Engineering Department, UAB, since 2007. He is the Head of the <em>Microwave Engineering, Metamaterials and Antennas<\/em> (GEMMA) Group, Director of <em>CIMITEC<\/em> (a Research and Technology Transfer Centre, ascribed to UAB), and past Head of the Electronics Engineering Department (period 2015-2021). His research interests include microwave circuits and sensors, metamaterials, and radiofrequency identification (RFID). Ferran Mart\u00edn has organized several international events related to metamaterials and related topics, including Workshops at the <em>IEEE International Microwave Symposium<\/em> (years 2005 and 2007) and <em>European Microwave Conference<\/em> (2009, 2015, 2017, and 2018), and the <em>Fifth International Congress on Advanced Electromagnetic Materials in Microwaves and Optics<\/em> (Metamaterials 2011), where he acted as Chair of the Local Organizing Committee. He has acted as Guest Editor for several Special Issues on metamaterials and sensors in different international journals, and he is Associated Editor of <em>IEEE Transactions on Microwave theory and Techniques<\/em>, <em>IET Microwaves Antennas and Propagation<\/em>, and <em>Sensors<\/em>.<\/p>\n\n\n\n<div style=\"height:35px\" aria-hidden=\"true\" class=\"wp-block-spacer\"><\/div>\n\n\n\n<p>Ferran Mart\u00edn has authored and co-authored over 650 technical conference, letter, journal papers and book chapters. Prof. Mart\u00edn is co-author of the book on Metamaterials entitled <em>Metamaterials with Negative Parameters: Theory, Design and Microwave Applications<\/em> (John Wiley &amp; Sons Inc.), author of the book <em>Artificial Transmission Lines for RF and Microwave Applications <\/em>(John Wiley &amp; Sons Inc.), co-editor of the book <em>Balanced Microwave Filters<\/em> (Wiley\/IEEE Press), co-author of the book <em>Time-Domain Signature Barcodes for Chipless-RFID and Sensing Applications<\/em> (Springer), and co-author of the book <em>Planar Microwave Sensors<\/em> (Wiley\/IEEE Press). Ferran Mart\u00edn has generated 22 PhDs, he has filed several patents on metamaterials and other topics related to microwave engineering, and he has headed dozens of research projects and development contracts with companies. Among his distinctions, Ferran Mart\u00edn has received the 2006 Duran Farell Prize for Technological Research, he holds the <em>Parc de Recerca UAB \u2013 Santander<\/em> Technology Transfer Chair, and he has been the recipient of three ICREA ACADEMIA Awards (calls 2008, 2013 and 2018). He is Fellow of the IEEE (since 2012) and Fellow of the IET (since 2016).<\/p>\n\n\n\n<div style=\"height:15px\" aria-hidden=\"true\" class=\"wp-block-spacer\"><\/div>\n\n\n\n<p><\/p>\n\n\n\n<div style=\"height:35px\" aria-hidden=\"true\" class=\"wp-block-spacer\"><\/div>\n<\/div>\n<\/div>\n\n\n\n<p class=\"has-secondary-background-color has-background\" style=\"font-size:20px\"><strong>Speaker II<\/strong><\/p>\n<\/div>\n\n\n\n<div class=\"wp-block-columns is-layout-flex wp-container-core-columns-is-layout-28f84493 wp-block-columns-is-layout-flex\">\n<div class=\"wp-block-column is-layout-flow wp-block-column-is-layout-flow\" style=\"flex-basis:20%\">\n<figure class=\"wp-block-image size-large is-resized\"><img decoding=\"async\" src=\"https:\/\/www.apmtt.org\/iwsa2023\/wp-content\/uploads\/2023\/10\/Perry-ID1-4M-768x1024.jpg\" alt=\"\" style=\"aspect-ratio:0.75;object-fit:cover;width:151px;height:auto\"\/><\/figure>\n<\/div>\n\n\n\n<div class=\"wp-block-column is-layout-flow wp-block-column-is-layout-flow\" style=\"flex-basis:10%\"><\/div>\n\n\n\n<div class=\"wp-block-column is-layout-flow wp-block-column-is-layout-flow\" style=\"flex-basis:70%\">\n<p><strong>Perry Shum<\/strong><\/p>\n\n\n\n<p><strong>IEEE Fellow, OSA Fellow, SPIE Fellow<\/strong><\/p>\n\n\n\n<p>Chair Professor<\/p>\n\n\n\n<p>Deputy Head, Department of EEE,<br>Southern Univ of Science &amp; Technology (SUSTech)<\/p>\n\n\n\n<p>Director of Guangdong Key Laboratory of Integrated Optoelectronics Intellisense<\/p>\n\n\n\n<p>President Elect, IEEE Photonics Society<\/p>\n<\/div>\n<\/div>\n<\/div>\n<\/div>\n<\/div>\n<\/div>\n\n\n\n<div style=\"height:20px\" aria-hidden=\"true\" class=\"wp-block-spacer\"><\/div>\n<\/div>\n\n\n\n<p><strong>Title: Optical Fiber-Based Technologies &amp; Applications<\/strong><\/p>\n\n\n\n<p>Optical fiber-based devices have been widely deployed in recent years.&nbsp; There are many advantages of using fiber as a sensor. These include electrically-passive operation, light weight, immunity to radio frequency interference and electromagnetic interference, high sensitivity, compact size, corrosion resistance, easily multiplexing and potentially low cost.<\/p>\n\n\n\n<div style=\"height:35px\" aria-hidden=\"true\" class=\"wp-block-spacer\"><\/div>\n\n\n\n<p><strong>Biography<\/strong><\/p>\n\n\n\n<p><strong>Professor Shum<\/strong>, chair professor of the Department of Electrical and Electronics Engineering, Southern University of Science and Technology, Director of Guangdong Key Laboratory of Integrated Optoelectronics Intellisense\uff0cnational distinguished expert, IEEE Fellow, SPIE Fellow, OSA Fellow, President-Elect of IEEE Photonics Society. He has published 500 academic journal papers with more than 19,000 citations, and H-index 66. In recent years, as the person in charge, he has been granted research funds of more than RMB 50 million. He served as Director of the NTRC, OPTIMUS, and COFT, and Dean in charge of education in Nanyang Technological University, Singapore. During this period, NTU-COFT, a world-class fiber research\/processing center, was created, which enabling Singapore to have the ability to manufacture special fiber optics, special fiber lasers and sensors for the first time. He chaired several major international conferences, including CLEO-PR | OECC| PGC 2017; and initiator of international conferences such as ICICS, PGC, ICOCN, ICAIT, OGC, etc. He has created the special project \u201cEnabled learning: Escape Room Design\u201d, which has been reported by Channel News Asia, Channel U, Channel 8, Channel 5, Zhaobao, in four different languages. Two high-tech enterprises in the field of optoelectronics were established or supported by his team (1 of which has been listed). His team also cooperate closely with universities and institutes worldwide.<\/p>\n\n\n\n<div style=\"height:30px\" aria-hidden=\"true\" class=\"wp-block-spacer\"><\/div>\n","protected":false},"excerpt":{"rendered":"<p>Keynote Speakers Speaker I Ferran Mart\u00edn Departament d\u2019 [&hellip;]<\/p>\n","protected":false},"author":1,"featured_media":0,"parent":0,"menu_order":0,"comment_status":"closed","ping_status":"closed","template":"","meta":{"_coblocks_attr":"","_coblocks_dimensions":"","_coblocks_responsive_height":"","_coblocks_accordion_ie_support":"","footnotes":""},"class_list":["post-605","page","type-page","status-publish","hentry"],"_links":{"self":[{"href":"https:\/\/www.apmtt.org\/iwsa2023\/wp-json\/wp\/v2\/pages\/605","targetHints":{"allow":["GET"]}}],"collection":[{"href":"https:\/\/www.apmtt.org\/iwsa2023\/wp-json\/wp\/v2\/pages"}],"about":[{"href":"https:\/\/www.apmtt.org\/iwsa2023\/wp-json\/wp\/v2\/types\/page"}],"author":[{"embeddable":true,"href":"https:\/\/www.apmtt.org\/iwsa2023\/wp-json\/wp\/v2\/users\/1"}],"replies":[{"embeddable":true,"href":"https:\/\/www.apmtt.org\/iwsa2023\/wp-json\/wp\/v2\/comments?post=605"}],"version-history":[{"count":18,"href":"https:\/\/www.apmtt.org\/iwsa2023\/wp-json\/wp\/v2\/pages\/605\/revisions"}],"predecessor-version":[{"id":1553,"href":"https:\/\/www.apmtt.org\/iwsa2023\/wp-json\/wp\/v2\/pages\/605\/revisions\/1553"}],"wp:attachment":[{"href":"https:\/\/www.apmtt.org\/iwsa2023\/wp-json\/wp\/v2\/media?parent=605"}],"curies":[{"name":"wp","href":"https:\/\/api.w.org\/{rel}","templated":true}]}}